{"id":1490,"date":"2025-09-26T22:53:12","date_gmt":"2025-09-27T01:53:12","guid":{"rendered":"https:\/\/mammamucarnes.com\/?page_id=1490"},"modified":"2026-03-05T00:10:49","modified_gmt":"2026-03-05T03:10:49","slug":"clientes-mayoristas","status":"publish","type":"page","link":"https:\/\/mammamucarnes.com\/?page_id=1490","title":{"rendered":"MAYORISTAS"},"content":{"rendered":"\n<div class=\"wp-block-stackable-heading stk-block-heading stk-block-heading--v2 stk-block stk-e8db27c\" id=\"anunciate-dejanos-tu-informacion-y-te-llamamos\" data-block-id=\"e8db27c\"><style>.stk-e8db27c .stk-block-heading__text{color:var(--theme-palette-color-1, #EA714C) !important;}<\/style><h2 class=\"stk-block-heading__text has-text-color\">AN\u00daNCIATE, DEJANOS TU INFORMACI\u00d3N Y TE LLAMAMOS<\/h2><\/div>\n\n\n<div class=\"wpforms-container wpforms-block wpforms-block-0323af6c-0d6d-45f5-a216-60dfb7f17629 wpforms-render-modern\" id=\"wpforms-1522\"><form id=\"wpforms-form-1522\" class=\"wpforms-validate wpforms-form wpforms-ajax-form\" data-formid=\"1522\" method=\"post\" enctype=\"multipart\/form-data\" action=\"\/index.php?rest_route=%2Fwp%2Fv2%2Fpages%2F1490\" data-token=\"3133efa7e058f9beeb1afdab6a2b9b63\" data-token-time=\"1778435334\"><noscript class=\"wpforms-error-noscript\">Por favor, activa JavaScript en tu navegador para completar este formulario.<\/noscript><div id=\"wpforms-error-noscript\" style=\"display: none;\">Por favor, activa JavaScript en tu navegador para completar este formulario.<\/div><div class=\"wpforms-field-container\"><div id=\"wpforms-1522-field_1-container\" class=\"wpforms-field wpforms-field-text\" data-field-id=\"1\"><label class=\"wpforms-field-label\" for=\"wpforms-1522-field_1\">Nombre de la Empresa <span class=\"wpforms-required-label\" aria-hidden=\"true\">*<\/span><\/label><input type=\"text\" id=\"wpforms-1522-field_1\" class=\"wpforms-field-large wpforms-field-required\" name=\"wpforms[fields][1]\" aria-errormessage=\"wpforms-1522-field_1-error\" required><\/div><div id=\"wpforms-1522-field_2-container\" class=\"wpforms-field wpforms-field-name\" data-field-id=\"2\"><fieldset><legend class=\"wpforms-field-label\">Nombre de Contacto <span class=\"wpforms-required-label\" aria-hidden=\"true\">*<\/span><\/legend><div class=\"wpforms-field-row wpforms-field-large\"><div class=\"wpforms-field-row-block wpforms-first wpforms-one-half\"><input type=\"text\" id=\"wpforms-1522-field_2\" class=\"wpforms-field-name-first wpforms-field-required\" name=\"wpforms[fields][2][first]\" aria-errormessage=\"wpforms-1522-field_2-error\" required><label for=\"wpforms-1522-field_2\" class=\"wpforms-field-sublabel after\">Nombre<\/label><\/div><div class=\"wpforms-field-row-block wpforms-one-half\"><input type=\"text\" id=\"wpforms-1522-field_2-last\" class=\"wpforms-field-name-last wpforms-field-required\" name=\"wpforms[fields][2][last]\" aria-errormessage=\"wpforms-1522-field_2-last-error\" required><label for=\"wpforms-1522-field_2-last\" class=\"wpforms-field-sublabel after\">Apellidos<\/label><\/div><\/div><\/fieldset><\/div>\t\t<div id=\"wpforms-1522-field_4-container\"\n\t\t\tclass=\"wpforms-field wpforms-field-text\"\n\t\t\tdata-field-type=\"text\"\n\t\t\tdata-field-id=\"4\"\n\t\t\t>\n\t\t\t<label class=\"wpforms-field-label\" for=\"wpforms-1522-field_4\" >Contacto Nombre Electr\u00f3nico<\/label>\n\t\t\t<input type=\"text\" id=\"wpforms-1522-field_4\" class=\"wpforms-field-medium\" name=\"wpforms[fields][4]\" >\n\t\t<\/div>\n\t\t<div id=\"wpforms-1522-field_3-container\" class=\"wpforms-field wpforms-field-email\" data-field-id=\"3\"><label class=\"wpforms-field-label\" for=\"wpforms-1522-field_3\">Correo Electr\u00f3nico <span class=\"wpforms-required-label\" aria-hidden=\"true\">*<\/span><\/label><input type=\"email\" id=\"wpforms-1522-field_3\" class=\"wpforms-field-medium wpforms-field-required\" name=\"wpforms[fields][3]\" spellcheck=\"false\" aria-errormessage=\"wpforms-1522-field_3-error\" required><\/div><div id=\"wpforms-1522-field_7-container\" class=\"wpforms-field wpforms-field-textarea\" data-field-id=\"7\"><label class=\"wpforms-field-label\" for=\"wpforms-1522-field_7\">Dejanos tu mensaje y N\u00b0 de Tel\u00e9fono <span class=\"wpforms-required-label\" aria-hidden=\"true\">*<\/span><\/label><textarea id=\"wpforms-1522-field_7\" class=\"wpforms-field-large wpforms-field-required\" name=\"wpforms[fields][7]\" aria-errormessage=\"wpforms-1522-field_7-error\" aria-describedby=\"wpforms-1522-field_7-description\" required><\/textarea><div id=\"wpforms-1522-field_7-description\" class=\"wpforms-field-description\">Dejanos tu mensaje y N\u00b0 de Tel\u00e9fono<\/div><\/div><script>\n\t\t\t\t( function() {\n\t\t\t\t\tconst style = document.createElement( 'style' );\n\t\t\t\t\tstyle.appendChild( document.createTextNode( '#wpforms-1522-field_4-container { position: absolute !important; overflow: hidden !important; display: inline !important; height: 1px !important; width: 1px !important; z-index: -1000 !important; padding: 0 !important; } #wpforms-1522-field_4-container input { visibility: hidden; } #wpforms-conversational-form-page #wpforms-1522-field_4-container label { counter-increment: none; }' ) );\n\t\t\t\t\tdocument.head.appendChild( style );\n\t\t\t\t\tdocument.currentScript?.remove();\n\t\t\t\t} )();\n\t\t\t<\/script><\/div><!-- .wpforms-field-container --><div class=\"wpforms-submit-container\" ><input type=\"hidden\" name=\"wpforms[id]\" value=\"1522\"><input type=\"hidden\" name=\"page_title\" value=\"\"><input type=\"hidden\" name=\"page_url\" value=\"https:\/\/mammamucarnes.com\/index.php?rest_route=\/wp\/v2\/pages\/1490\"><input type=\"hidden\" name=\"url_referer\" value=\"\"><button type=\"submit\" name=\"wpforms[submit]\" id=\"wpforms-submit-1522\" class=\"wpforms-submit\" data-alt-text=\"Enviando...\" data-submit-text=\"Enviar\" aria-live=\"assertive\" value=\"wpforms-submit\">Enviar<\/button><img loading=\"lazy\" decoding=\"async\" src=\"https:\/\/mammamucarnes.com\/wp-content\/plugins\/wpforms-lite\/assets\/images\/submit-spin.svg\" class=\"wpforms-submit-spinner\" style=\"display: none;\" width=\"26\" height=\"26\" alt=\"Cargando\"><\/div><\/form><\/div>  <!-- .wpforms-container -->\n\n\n<div class=\"wp-block-media-text alignwide has-media-on-the-right is-stacked-on-mobile is-vertically-aligned-center has-palette-color-7-background-color has-background\"><div class=\"wp-block-media-text__content\">\n<div class=\"wp-block-group is-layout-flow wp-block-group-is-layout-flow\" style=\"padding-top:2em;padding-right:2em;padding-bottom:2em;padding-left:2em\">\n<p class=\"has-palette-color-1-color has-text-color has-link-color wp-elements-8d54f9cc99ee94b9baf12e91032da88e\" style=\"font-size:clamp(22.041px, 1.378rem + ((1vw - 3.2px) * 1.091), 36px);line-height:1.2\"><strong>COMPROMISO<\/strong><\/p>\n\n\n\n<p class=\"has-extra-small-font-size\">Sabemos lo importante que es para los negocios contar con un <strong>proveedor confiable<\/strong> que garantice calidad constante, precios competitivos y entregas puntuales. Por eso, ofrecemos un servicio pensado especialmente para<strong> restaurantes, parrillas, distribuidores y comercios<\/strong> que necesitan <strong>carne envasada al vac\u00edo por productores de confianza<\/strong>, con \u00f3ptima conservaci\u00f3n, control de fr\u00edo y una presentaci\u00f3n profesional.<br><strong>Gracias a nuestras c\u00e1maras de fr\u00edo y de congelados, aseguramos que la cadena de fr\u00edo se mantenga intacta en todo momento<\/strong>, para que cada corte llegue en las mejores condiciones.<br>Nuestros productos, cuidadosamente seleccionados, se entregan listos para su venta o elaboraci\u00f3n, permitiendo que cada cliente mayorista pueda enfocarse en lo que mejor hace: <strong>crecer y satisfacer a sus propios consumidores<\/strong>.<\/p>\n<\/div>\n<\/div><figure class=\"wp-block-media-text__media\"><img loading=\"lazy\" decoding=\"async\" width=\"1024\" height=\"660\" src=\"https:\/\/mammamucarnes.com\/wp-content\/uploads\/2025\/09\/pexels-luci-23254259-7396036-1024x660.jpg\" alt=\"\" class=\"wp-image-1035 size-full\" srcset=\"https:\/\/mammamucarnes.com\/wp-content\/uploads\/2025\/09\/pexels-luci-23254259-7396036-1024x660.jpg 1024w, https:\/\/mammamucarnes.com\/wp-content\/uploads\/2025\/09\/pexels-luci-23254259-7396036-scaled-600x387.jpg 600w, https:\/\/mammamucarnes.com\/wp-content\/uploads\/2025\/09\/pexels-luci-23254259-7396036-scaled-500x322.jpg 500w, https:\/\/mammamucarnes.com\/wp-content\/uploads\/2025\/09\/pexels-luci-23254259-7396036-300x193.jpg 300w, https:\/\/mammamucarnes.com\/wp-content\/uploads\/2025\/09\/pexels-luci-23254259-7396036-768x495.jpg 768w, https:\/\/mammamucarnes.com\/wp-content\/uploads\/2025\/09\/pexels-luci-23254259-7396036-1536x990.jpg 1536w, https:\/\/mammamucarnes.com\/wp-content\/uploads\/2025\/09\/pexels-luci-23254259-7396036-2048x1320.jpg 2048w\" sizes=\"auto, (max-width: 1024px) 100vw, 1024px\" \/><\/figure><\/div>\n\n\n\n<div class=\"wp-block-media-text alignwide is-stacked-on-mobile is-vertically-aligned-center is-image-fill-element has-palette-color-7-background-color has-background\"><figure class=\"wp-block-media-text__media\"><img loading=\"lazy\" decoding=\"async\" width=\"1024\" height=\"683\" src=\"https:\/\/mammamucarnes.com\/wp-content\/uploads\/2025\/09\/meat-1155132-1024x683.jpg\" alt=\"\" class=\"wp-image-1495 size-full\" style=\"object-position:50% 50%\" srcset=\"https:\/\/mammamucarnes.com\/wp-content\/uploads\/2025\/09\/meat-1155132-1024x683.jpg 1024w, https:\/\/mammamucarnes.com\/wp-content\/uploads\/2025\/09\/meat-1155132-300x200.jpg 300w, https:\/\/mammamucarnes.com\/wp-content\/uploads\/2025\/09\/meat-1155132-768x512.jpg 768w, https:\/\/mammamucarnes.com\/wp-content\/uploads\/2025\/09\/meat-1155132-1536x1024.jpg 1536w, https:\/\/mammamucarnes.com\/wp-content\/uploads\/2025\/09\/meat-1155132-2048x1365.jpg 2048w, https:\/\/mammamucarnes.com\/wp-content\/uploads\/2025\/09\/meat-1155132-500x333.jpg 500w, https:\/\/mammamucarnes.com\/wp-content\/uploads\/2025\/09\/meat-1155132-600x400.jpg 600w\" sizes=\"auto, (max-width: 1024px) 100vw, 1024px\" \/><\/figure><div class=\"wp-block-media-text__content\">\n<div class=\"wp-block-group is-layout-flow wp-block-group-is-layout-flow\" style=\"padding-top:2em;padding-right:2em;padding-bottom:2em;padding-left:2em\">\n<p class=\"has-palette-color-1-color has-text-color has-link-color wp-elements-4f0faa81a998488784ecaf56d7ed933e\" style=\"font-size:clamp(22.041px, 1.378rem + ((1vw - 3.2px) * 1.091), 36px);line-height:1.2\"><strong>ATENCI\u00d3N PERSONALIZADA<\/strong><\/p>\n\n\n\n<p class=\"has-extra-small-font-size\">En <strong>MammaMu Carnes al Vac\u00edo<\/strong> entendemos que cada negocio tiene sus propias necesidades y desaf\u00edos. Por eso ofrecemos una <strong>atenci\u00f3n mayorista exclusiva y a medida<\/strong>, dise\u00f1ada para que cada cliente cuente con el <strong>soporte, la calidad y la flexibilidad<\/strong> que requiere su crecimiento.<\/p>\n\n\n\n<p>Nuestro equipo trabaja a tu lado para brindarte:<\/p>\n\n\n\n<ul class=\"wp-block-list\">\n<li><strong>Asesoramiento personalizado<\/strong> en la selecci\u00f3n de cortes, vol\u00famenes y formatos.<\/li>\n\n\n\n<li><strong>Precios competitivos y planes de compra<\/strong> que se adaptan a la escala de tu negocio.<\/li>\n\n\n\n<li><strong>Log\u00edstica eficiente y entregas programadas<\/strong>, asegurando que recibas la carne en tiempo y forma, con su frescura intacta.<\/li>\n\n\n\n<li><strong>Comunicaci\u00f3n directa y r\u00e1pida<\/strong>, porque sabemos que en tu actividad cada minuto cuenta.<\/li>\n<\/ul>\n\n\n\n<p>Ya seas restaurante, parrilla, hotel, distribuidor o comercio gastron\u00f3mico, en Mamma Mu encontr\u00e1s un socio confiable que cuida cada detalle: desde la selecci\u00f3n de la materia prima hasta <strong>el envasado al vac\u00edo realizado por productores de confianza<\/strong>, garantizando que cada corte llegue a vos con la misma calidad que nos distingue.<\/p>\n\n\n\n<p class=\"has-extra-small-font-size\">\ud83d\udca1 <strong>Crec\u00e9 con la seguridad de tener un proveedor que te acompa\u00f1a en cada paso.<\/strong> En MammaMu, tu negocio es nuestra prioridad y tu satisfacci\u00f3n, nuestro mejor resultado.<\/p>\n<\/div>\n<\/div><\/div>\n\n\n\n<div class=\"wp-block-stackable-divider stk-block-divider stk-block stk-bfefab7\" data-block-id=\"bfefab7\"><hr class=\"stk-block-divider__hr\"\/><\/div>\n","protected":false},"excerpt":{"rendered":"<p>AN\u00daNCIATE, DEJANOS TU INFORMACI\u00d3N Y TE LLAMAMOS<\/p>\n","protected":false},"author":1,"featured_media":0,"parent":0,"menu_order":0,"comment_status":"closed","ping_status":"closed","template":"","meta":{"footnotes":""},"class_list":["post-1490","page","type-page","status-publish","hentry"],"blocksy_meta":[],"_hostinger_reach_plugin_has_subscription_block":false,"_hostinger_reach_plugin_is_elementor":false,"jetpack_sharing_enabled":true,"_links":{"self":[{"href":"https:\/\/mammamucarnes.com\/index.php?rest_route=\/wp\/v2\/pages\/1490","targetHints":{"allow":["GET"]}}],"collection":[{"href":"https:\/\/mammamucarnes.com\/index.php?rest_route=\/wp\/v2\/pages"}],"about":[{"href":"https:\/\/mammamucarnes.com\/index.php?rest_route=\/wp\/v2\/types\/page"}],"author":[{"embeddable":true,"href":"https:\/\/mammamucarnes.com\/index.php?rest_route=\/wp\/v2\/users\/1"}],"replies":[{"embeddable":true,"href":"https:\/\/mammamucarnes.com\/index.php?rest_route=%2Fwp%2Fv2%2Fcomments&post=1490"}],"version-history":[{"count":13,"href":"https:\/\/mammamucarnes.com\/index.php?rest_route=\/wp\/v2\/pages\/1490\/revisions"}],"predecessor-version":[{"id":2121,"href":"https:\/\/mammamucarnes.com\/index.php?rest_route=\/wp\/v2\/pages\/1490\/revisions\/2121"}],"wp:attachment":[{"href":"https:\/\/mammamucarnes.com\/index.php?rest_route=%2Fwp%2Fv2%2Fmedia&parent=1490"}],"curies":[{"name":"wp","href":"https:\/\/api.w.org\/{rel}","templated":true}]}}