{"id":34,"date":"2022-05-24T15:07:44","date_gmt":"2022-05-24T15:07:44","guid":{"rendered":"https:\/\/startersites.io\/blocksy\/barber-shop\/?page_id=34"},"modified":"2026-04-10T14:13:24","modified_gmt":"2026-04-10T17:13:24","slug":"carrito","status":"publish","type":"page","link":"https:\/\/mammamucarnes.com\/?page_id=34","title":{"rendered":"CARRITO"},"content":{"rendered":"\n<div class=\"wp-block-stackable-notification stk-block-notification stk-block stk-1556a5e is-style-plain\" data-v=\"2\" data-block-id=\"1556a5e\"><style>.stk-1556a5e {box-shadow:0px 2px 20px #99999933 !important;margin-bottom:0px !important;}.stk-1556a5e .stk-block-notification__content{padding-top:32px !important;padding-right:32px !important;padding-bottom:32px !important;padding-left:32px !important;}<\/style><div class=\"stk-block-notification__content stk-content-align stk-1556a5e-column stk-container stk-1556a5e-container stk--no-background stk--no-padding\"><div class=\"stk-block-content stk-inner-blocks stk-1556a5e-inner-blocks\">\n<div class=\"wp-block-stackable-icon stk-block-icon has-text-align-center stk-block stk-2f8ecb3\" data-block-id=\"2f8ecb3\"><style>.stk-2f8ecb3 {margin-bottom:0px !important;}.stk-2f8ecb3 .stk--svg-wrapper .stk--inner-svg svg:last-child, .stk-2f8ecb3 .stk--svg-wrapper .stk--inner-svg svg:last-child :is(g, path, rect, polygon, ellipse){fill:#00d084 !important;}<\/style><span class=\"stk--svg-wrapper\"><div class=\"stk--inner-svg\"><svg style=\"height:0;width:0\"><defs><linearGradient id=\"linear-gradient-2f8ecb3\" x1=\"0\" x2=\"100%\" y1=\"0\" y2=\"0\"><stop offset=\"0%\" style=\"stop-opacity:1;stop-color:var(--linear-gradient-2-f-8-ecb-3-color-1)\"><\/stop><stop offset=\"100%\" style=\"stop-opacity:1;stop-color:var(--linear-gradient-2-f-8-ecb-3-color-2)\"><\/stop><\/linearGradient><\/defs><\/svg><svg data-prefix=\"fas\" data-icon=\"exclamation-triangle\" class=\"svg-inline--fa fa-exclamation-triangle fa-w-18\" xmlns=\"http:\/\/www.w3.org\/2000\/svg\" viewBox=\"0 0 576 512\" aria-hidden=\"true\" width=\"32\" height=\"32\"><path fill=\"currentColor\" d=\"M569.517 440.013C587.975 472.007 564.806 512 527.94 512H48.054c-36.937 0-59.999-40.055-41.577-71.987L246.423 23.985c18.467-32.009 64.72-31.951 83.154 0l239.94 416.028zM288 354c-25.405 0-46 20.595-46 46s20.595 46 46 46 46-20.595 46-46-20.595-46-46-46zm-43.673-165.346l7.418 136c.347 6.364 5.609 11.346 11.982 11.346h48.546c6.373 0 11.635-4.982 11.982-11.346l7.418-136c.375-6.874-5.098-12.654-11.982-12.654h-63.383c-6.884 0-12.356 5.78-11.981 12.654z\"><\/path><\/svg><\/div><\/span><\/div>\n\n\n\n<div class=\"wp-block-stackable-heading stk-block-heading stk-block-heading--v2 stk-block stk-082051e\" id=\"leer-con-atencion\" data-block-id=\"082051e\"><style>.stk-082051e {margin-bottom:0px !important;}.stk-082051e .stk-block-heading__text{color:#00d084 !important;}<\/style><h1 class=\"stk-block-heading__text has-text-color has-text-align-center\">LEER CON ATENCI\u00d3N<\/h1><\/div>\n\n\n\n<div class=\"wp-block-stackable-text stk-block-text stk-block stk-945ea1e\" data-block-id=\"945ea1e\"><style>.stk-945ea1e {margin-bottom:0px !important;}.stk-945ea1e .stk-block-text__text{color:#00d084 !important;}@media screen and (max-width:689px){.stk-945ea1e .stk-block-text__text{font-size:var(--stk--preset--font-size--large, 30px) !important;}}<\/style><p class=\"stk-block-text__text has-text-color has-text-align-center\">El precio publicado corresponde al <strong>kilo de producto<\/strong>. Ten\u00e9 en cuenta que los cortes envasados al vac\u00edo tienen un <strong>peso variable<\/strong>, por lo que el monto final puede diferir del mostrado en la tienda.<\/p><\/div>\n\n\n\n<p class=\"has-text-align-center has-vivid-green-cyan-color has-text-color has-link-color has-medium-font-size wp-elements-0a38f215c347ee55f4742e207389d108\">Una vez preparado tu pedido, nos comunicaremos con vos a trav\u00e9s del n\u00famero de tel\u00e9fono registrado para informarte el <strong>peso exacto y el precio final<\/strong> de tu compra antes de la entrega.<\/p>\n\n\n\n<p class=\"has-text-align-center has-vivid-green-cyan-color has-text-color has-link-color has-large-font-size wp-elements-e1a4cec8cccb00d32bd28a2ad222384e\"><strong>SELECCIONANDO DOS O M\u00c1S CANTIDADES, ANTES DE FINALIZAR LA COMPRA, DEB\u00c9S ACTUALIZAR EL CARRITO<\/strong><\/p>\n<\/div><\/div><\/div>\n\n\n<div class=\"woocommerce\"><div class=\"woocommerce-notices-wrapper\"><\/div><div class=\"wc-empty-cart-message\">\n\t<div class=\"cart-empty woocommerce-info\" role=\"status\">\n\t\tTu carrito est\u00e1 vac\u00edo.\t<\/div>\n<\/div>\t<p class=\"return-to-shop\">\n\t\t<a class=\"button wc-backward\" href=\"https:\/\/mammamucarnes.com\/?page_id=33\">\n\t\t\tVolver a la tienda\t\t<\/a>\n\t<\/p>\n<\/div>\n\n\n\n<div class=\"wp-block-stackable-testimonial stk-block-testimonial stk-block stk-5c114bb is-style-compact\" data-v=\"2\" data-block-id=\"5c114bb\"><div class=\"stk-block-testimonial__content stk-content-align stk-5c114bb-column stk-container stk-5c114bb-container stk--no-background stk--no-padding\"><div class=\"stk-block-content stk-inner-blocks stk-5c114bb-inner-blocks\"><\/div><\/div><\/div>\n\n\n\n<p><\/p>\n","protected":false},"excerpt":{"rendered":"<p>LEER CON ATENCI\u00d3N El precio publicado corresponde al kilo de producto. Ten\u00e9 en cuenta que los cortes envasados al vac\u00edo tienen un peso variable, por lo que el monto final puede diferir del mostrado en la tienda. Una vez preparado tu pedido, nos comunicaremos con vos a trav\u00e9s del n\u00famero de tel\u00e9fono registrado para informarte [&hellip;]<\/p>\n","protected":false},"author":1,"featured_media":0,"parent":0,"menu_order":0,"comment_status":"closed","ping_status":"closed","template":"","meta":{"footnotes":""},"class_list":["post-34","page","type-page","status-publish","hentry"],"blocksy_meta":{"styles_descriptor":{"styles":{"desktop":"","tablet":"","mobile":""},"google_fonts":[],"version":6}},"_hostinger_reach_plugin_has_subscription_block":false,"_hostinger_reach_plugin_is_elementor":false,"jetpack_sharing_enabled":true,"_links":{"self":[{"href":"https:\/\/mammamucarnes.com\/index.php?rest_route=\/wp\/v2\/pages\/34","targetHints":{"allow":["GET"]}}],"collection":[{"href":"https:\/\/mammamucarnes.com\/index.php?rest_route=\/wp\/v2\/pages"}],"about":[{"href":"https:\/\/mammamucarnes.com\/index.php?rest_route=\/wp\/v2\/types\/page"}],"author":[{"embeddable":true,"href":"https:\/\/mammamucarnes.com\/index.php?rest_route=\/wp\/v2\/users\/1"}],"replies":[{"embeddable":true,"href":"https:\/\/mammamucarnes.com\/index.php?rest_route=%2Fwp%2Fv2%2Fcomments&post=34"}],"version-history":[{"count":23,"href":"https:\/\/mammamucarnes.com\/index.php?rest_route=\/wp\/v2\/pages\/34\/revisions"}],"predecessor-version":[{"id":1904,"href":"https:\/\/mammamucarnes.com\/index.php?rest_route=\/wp\/v2\/pages\/34\/revisions\/1904"}],"wp:attachment":[{"href":"https:\/\/mammamucarnes.com\/index.php?rest_route=%2Fwp%2Fv2%2Fmedia&parent=34"}],"curies":[{"name":"wp","href":"https:\/\/api.w.org\/{rel}","templated":true}]}}