{"id":1588,"date":"2025-09-27T21:07:01","date_gmt":"2025-09-28T00:07:01","guid":{"rendered":"https:\/\/mammamucarnes.com\/?post_type=product&#038;p=1588"},"modified":"2026-04-22T09:56:34","modified_gmt":"2026-04-22T12:56:34","slug":"hamburguesas-parrilleras-finexcor","status":"publish","type":"product","link":"https:\/\/mammamucarnes.com\/?product=hamburguesas-parrilleras-finexcor","title":{"rendered":"HAMBURGUESAS PARRILLERAS FINEXCOR x UNIDAD"},"content":{"rendered":"<pre data-start=\"155\" data-end=\"227\">IMAGEN ILUSTRATIVA<\/pre>\n<h3 data-start=\"155\" data-end=\"227\">\ud83d\udd25 <strong data-start=\"162\" data-end=\"225\">El verdadero sabor de la parrilla, ahora en una hamburguesa<\/strong><\/h3>\n<p data-start=\"228\" data-end=\"577\">En <strong data-start=\"231\" data-end=\"259\">Mamma Mu Carnes al Vac\u00edo<\/strong> tenemos la hamburguesa que va a cambiar tu pr\u00f3ximo asado: las <strong data-start=\"322\" data-end=\"359\">Hamburguesas\u00a0 Parrilleras Finexcor.<\/strong><br data-start=\"360\" data-end=\"363\" \/>Hechas con <strong data-start=\"374\" data-end=\"437\">carne seleccionada y un blend perfecto de sabor y jugosidad<\/strong>, est\u00e1n pensadas para resistir el fuego de la parrilla y entregarte esa <strong data-start=\"509\" data-end=\"546\">textura firme y ese gusto ahumado<\/strong> que solo la brasa puede dar.<\/p>\n<p data-start=\"579\" data-end=\"869\">Pr\u00e1cticas, generosas y llenas de sabor, las Finexcor Parrilleras son la elecci\u00f3n ideal para sorprender a tu familia, amigos o clientes. Su tama\u00f1o y calidad premium las convierten en una experiencia distinta: <strong data-start=\"787\" data-end=\"866\">una hamburguesa de estilo parrillero que se disfruta como un corte de carne<\/strong>.<\/p>\n<p data-start=\"871\" data-end=\"1076\">Ya sea en un asado de domingo, una reuni\u00f3n con amigos o una comida r\u00e1pida con toque gourmet, estas hamburguesas logran que cada bocado tenga <strong data-start=\"1012\" data-end=\"1073\">el esp\u00edritu de la parrilla y el sello de calidad Finexcor<\/strong>.<\/p>\n<p data-start=\"1078\" data-end=\"1250\">\ud83d\udca1 <strong data-start=\"1081\" data-end=\"1114\">Animate a probarlas hoy mismo<\/strong>: ven\u00ed a Mamma Mu y llevate las <strong data-start=\"1146\" data-end=\"1183\">Hamburguesas Finexcor Parrilleras<\/strong>.<br data-start=\"1184\" data-end=\"1187\" \/>\ud83e\udd69 <em data-start=\"1190\" data-end=\"1248\">M\u00e1s grandes, m\u00e1s sabrosas, m\u00e1s parrilla en cada mordida.<\/em><\/p>\n","protected":false},"excerpt":{"rendered":"<pre data-start=\"155\" data-end=\"227\">IMAGEN ILUSTRATIVA<\/pre>\n<h3 data-start=\"155\" data-end=\"227\">\ud83d\udd25 <strong data-start=\"162\" data-end=\"225\">El verdadero sabor de la parrilla, ahora en una hamburguesa<\/strong><\/h3>\n<p data-start=\"228\" data-end=\"577\">En <strong data-start=\"231\" data-end=\"259\">Mamma Mu Carnes al Vac\u00edo<\/strong> tenemos la hamburguesa que va a cambiar tu pr\u00f3ximo asado: las <strong data-start=\"322\" data-end=\"359\">Hamburguesas\u00a0 Parrilleras Finexcor.<\/strong><br data-start=\"360\" data-end=\"363\" \/>Hechas con <strong data-start=\"374\" data-end=\"437\">carne seleccionada y un blend perfecto de sabor y jugosidad<\/strong>, est\u00e1n pensadas para resistir el fuego de la parrilla y entregarte esa <strong data-start=\"509\" data-end=\"546\">textura firme y ese gusto ahumado<\/strong> que solo la brasa puede dar.<\/p>\n<p data-start=\"579\" data-end=\"869\">Pr\u00e1cticas, generosas y llenas de sabor, las Finexcor Parrilleras son la elecci\u00f3n ideal para sorprender a tu familia, amigos o clientes. Su tama\u00f1o y calidad premium las convierten en una experiencia distinta: <strong data-start=\"787\" data-end=\"866\">una hamburguesa de estilo parrillero que se disfruta como un corte de carne<\/strong>.<\/p>\n<p data-start=\"871\" data-end=\"1076\">Ya sea en un asado de domingo, una reuni\u00f3n con amigos o una comida r\u00e1pida con toque gourmet, estas hamburguesas logran que cada bocado tenga <strong data-start=\"1012\" data-end=\"1073\">el esp\u00edritu de la parrilla y el sello de calidad Finexcor<\/strong>.<\/p>\n<p data-start=\"1078\" data-end=\"1250\">\ud83d\udca1 <strong data-start=\"1081\" data-end=\"1114\">Animate a probarlas hoy mismo<\/strong>: ven\u00ed a Mamma Mu y llevate las <strong data-start=\"1146\" data-end=\"1183\">Hamburguesas Finexcor Parrilleras<\/strong>.<br data-start=\"1184\" data-end=\"1187\" \/>\ud83e\udd69 <em data-start=\"1190\" data-end=\"1248\">M\u00e1s grandes, m\u00e1s sabrosas, m\u00e1s parrilla en cada mordida.<\/em><\/p>\n","protected":false},"featured_media":1630,"template":"","meta":[],"product_brand":[],"product_cat":[56],"product_tag":[],"class_list":{"0":"post-1588","1":"product","2":"type-product","3":"status-publish","4":"has-post-thumbnail","6":"product_cat-hamburguesas","8":"first","9":"instock","10":"shipping-taxable","11":"purchasable","12":"product-type-simple"},"jetpack_sharing_enabled":true,"_links":{"self":[{"href":"https:\/\/mammamucarnes.com\/index.php?rest_route=\/wp\/v2\/product\/1588","targetHints":{"allow":["GET"]}}],"collection":[{"href":"https:\/\/mammamucarnes.com\/index.php?rest_route=\/wp\/v2\/product"}],"about":[{"href":"https:\/\/mammamucarnes.com\/index.php?rest_route=\/wp\/v2\/types\/product"}],"wp:featuredmedia":[{"embeddable":true,"href":"https:\/\/mammamucarnes.com\/index.php?rest_route=\/wp\/v2\/media\/1630"}],"wp:attachment":[{"href":"https:\/\/mammamucarnes.com\/index.php?rest_route=%2Fwp%2Fv2%2Fmedia&parent=1588"}],"wp:term":[{"taxonomy":"product_brand","embeddable":true,"href":"https:\/\/mammamucarnes.com\/index.php?rest_route=%2Fwp%2Fv2%2Fproduct_brand&post=1588"},{"taxonomy":"product_cat","embeddable":true,"href":"https:\/\/mammamucarnes.com\/index.php?rest_route=%2Fwp%2Fv2%2Fproduct_cat&post=1588"},{"taxonomy":"product_tag","embeddable":true,"href":"https:\/\/mammamucarnes.com\/index.php?rest_route=%2Fwp%2Fv2%2Fproduct_tag&post=1588"}],"curies":[{"name":"wp","href":"https:\/\/api.w.org\/{rel}","templated":true}]}}