{"id":1678,"date":"2025-09-28T16:43:48","date_gmt":"2025-09-28T19:43:48","guid":{"rendered":"https:\/\/mammamucarnes.com\/?post_type=product&#038;p=1678"},"modified":"2026-04-22T09:55:32","modified_gmt":"2026-04-22T12:55:32","slug":"peceto-feteado","status":"publish","type":"product","link":"https:\/\/mammamucarnes.com\/?product=peceto-feteado","title":{"rendered":"PECETO FETEADO  x KG"},"content":{"rendered":"<pre data-start=\"106\" data-end=\"475\">Im\u00e1gen ilustrativa - Producto vendido al Vacio<\/pre>\n<p data-start=\"106\" data-end=\"475\">\ud83e\udd69 <strong data-start=\"109\" data-end=\"135\">Peceto Feteado<\/strong><br data-start=\"135\" data-end=\"138\" \/>Delicado, magro y de sabor suave, nuestro <strong data-start=\"180\" data-end=\"198\">Peceto Feteado<\/strong> es la elecci\u00f3n perfecta para quienes buscan una carne tierna y vers\u00e1til. Envasado al vac\u00edo para conservar toda su frescura, textura y jugosidad, este corte se presenta listo para usar, ideal para preparar <strong data-start=\"404\" data-end=\"472\">sandwiches, milanesas, escalopes, arrollados o salteados r\u00e1pidos<\/strong>.<\/p>\n<p data-start=\"477\" data-end=\"614\">\u2728 Con MammaMu garantiz\u00e1s <strong data-start=\"502\" data-end=\"521\">calidad premium<\/strong>, cortes prolijos y la comodidad de tener tu carne lista para cocinar en cualquier momento.<\/p>\n","protected":false},"excerpt":{"rendered":"<pre>Im\u00e1gen ilustrativa - Producto vendido al Vacio<\/pre>\n<p data-start=\"106\" data-end=\"475\">\ud83e\udd69 <strong data-start=\"109\" data-end=\"135\">Peceto Feteado<\/strong><br data-start=\"135\" data-end=\"138\" \/>Delicado, magro y de sabor suave, nuestro <strong data-start=\"180\" data-end=\"198\">Peceto Feteado<\/strong> es la elecci\u00f3n perfecta para quienes buscan una carne tierna y vers\u00e1til. Envasado al vac\u00edo para conservar toda su frescura, textura y jugosidad, este corte se presenta listo para usar, ideal para preparar <strong data-start=\"404\" data-end=\"472\">sandwiches, milanesas, escalopes, arrollados o salteados r\u00e1pidos<\/strong>.<\/p>\n<p data-start=\"477\" data-end=\"614\">\u2728 Con MammaMu garantiz\u00e1s <strong data-start=\"502\" data-end=\"521\">calidad premium<\/strong>, cortes prolijos y la comodidad de tener tu carne lista para cocinar en cualquier momento.<\/p>\n<pre>\r\n\r\n<\/pre>\n","protected":false},"featured_media":1679,"template":"","meta":[],"product_brand":[],"product_cat":[48],"product_tag":[],"class_list":{"0":"post-1678","1":"product","2":"type-product","3":"status-publish","4":"has-post-thumbnail","6":"product_cat-bovino","8":"first","9":"instock","10":"shipping-taxable","11":"purchasable","12":"product-type-simple"},"jetpack_sharing_enabled":true,"_links":{"self":[{"href":"https:\/\/mammamucarnes.com\/index.php?rest_route=\/wp\/v2\/product\/1678","targetHints":{"allow":["GET"]}}],"collection":[{"href":"https:\/\/mammamucarnes.com\/index.php?rest_route=\/wp\/v2\/product"}],"about":[{"href":"https:\/\/mammamucarnes.com\/index.php?rest_route=\/wp\/v2\/types\/product"}],"wp:featuredmedia":[{"embeddable":true,"href":"https:\/\/mammamucarnes.com\/index.php?rest_route=\/wp\/v2\/media\/1679"}],"wp:attachment":[{"href":"https:\/\/mammamucarnes.com\/index.php?rest_route=%2Fwp%2Fv2%2Fmedia&parent=1678"}],"wp:term":[{"taxonomy":"product_brand","embeddable":true,"href":"https:\/\/mammamucarnes.com\/index.php?rest_route=%2Fwp%2Fv2%2Fproduct_brand&post=1678"},{"taxonomy":"product_cat","embeddable":true,"href":"https:\/\/mammamucarnes.com\/index.php?rest_route=%2Fwp%2Fv2%2Fproduct_cat&post=1678"},{"taxonomy":"product_tag","embeddable":true,"href":"https:\/\/mammamucarnes.com\/index.php?rest_route=%2Fwp%2Fv2%2Fproduct_tag&post=1678"}],"curies":[{"name":"wp","href":"https:\/\/api.w.org\/{rel}","templated":true}]}}