{"id":1686,"date":"2025-09-28T17:34:47","date_gmt":"2025-09-28T20:34:47","guid":{"rendered":"https:\/\/mammamucarnes.com\/?post_type=product&#038;p=1686"},"modified":"2026-04-22T09:54:42","modified_gmt":"2026-04-22T12:54:42","slug":"asadosinhueso","status":"publish","type":"product","link":"https:\/\/mammamucarnes.com\/?product=asadosinhueso","title":{"rendered":"ASADO S\/HUESO  x KG"},"content":{"rendered":"<pre>Imagen ilustrativa<\/pre>\n<p data-start=\"123\" data-end=\"520\">\ud83d\udd25 <strong data-start=\"126\" data-end=\"153\">Asado Sin Hueso MammaMu<\/strong><br data-start=\"153\" data-end=\"156\" \/>La misma esencia del cl\u00e1sico asado argentino, ahora en su versi\u00f3n <strong data-start=\"222\" data-end=\"235\">sin hueso<\/strong>, ideal para quienes buscan comodidad sin perder sabor ni jugosidad. Nuestro <strong data-start=\"312\" data-end=\"331\">Asado Sin Hueso<\/strong> proviene de <strong data-start=\"344\" data-end=\"373\">costillares seleccionados<\/strong>, ofreciendo tiras de carne tierna, con el equilibrio perfecto de <strong data-start=\"439\" data-end=\"456\">grasa y fibra<\/strong>, que aseguran un sabor profundo y consistente en cada bocado.<\/p>\n<p data-start=\"522\" data-end=\"814\">\ud83e\udd69 Envasado al vac\u00edo para conservar su <strong data-start=\"561\" data-end=\"600\">frescura, textura y jugos naturales<\/strong>, este corte es perfecto para <strong data-start=\"630\" data-end=\"659\">parrilla, horno o plancha<\/strong>, logrando una cocci\u00f3n uniforme que resalta el aroma y sabor caracter\u00edstico del asado argentino, con la ventaja de un corte pr\u00e1ctico y listo para servir.<\/p>\n","protected":false},"excerpt":{"rendered":"<pre data-start=\"123\" data-end=\"520\">Imagen ilustrativa<\/pre>\n<p data-start=\"123\" data-end=\"520\">\ud83d\udd25 <strong data-start=\"126\" data-end=\"153\">Asado Sin Hueso MammaMu<\/strong><br data-start=\"153\" data-end=\"156\" \/>La misma esencia del cl\u00e1sico asado argentino, ahora en su versi\u00f3n <strong data-start=\"222\" data-end=\"235\">sin hueso<\/strong>, ideal para quienes buscan comodidad sin perder sabor ni jugosidad. Nuestro <strong data-start=\"312\" data-end=\"331\">Asado Sin Hueso<\/strong> proviene de <strong data-start=\"344\" data-end=\"373\">costillares seleccionados<\/strong>, ofreciendo tiras de carne tierna, con el equilibrio perfecto de <strong data-start=\"439\" data-end=\"456\">grasa y fibra<\/strong>, que aseguran un sabor profundo y consistente en cada bocado.<\/p>\n<p data-start=\"522\" data-end=\"814\">\ud83e\udd69 Envasado al vac\u00edo para conservar su <strong data-start=\"561\" data-end=\"600\">frescura, textura y jugos naturales<\/strong>, este corte es perfecto para <strong data-start=\"630\" data-end=\"659\">parrilla, horno o plancha<\/strong>, logrando una cocci\u00f3n uniforme que resalta el aroma y sabor caracter\u00edstico del asado argentino, con la ventaja de un corte pr\u00e1ctico y listo para servir.<\/p>\n","protected":false},"featured_media":1695,"template":"","meta":[],"product_brand":[],"product_cat":[48],"product_tag":[],"class_list":{"0":"post-1686","1":"product","2":"type-product","3":"status-publish","4":"has-post-thumbnail","6":"product_cat-bovino","8":"first","9":"instock","10":"shipping-taxable","11":"purchasable","12":"product-type-simple"},"jetpack_sharing_enabled":true,"_links":{"self":[{"href":"https:\/\/mammamucarnes.com\/index.php?rest_route=\/wp\/v2\/product\/1686","targetHints":{"allow":["GET"]}}],"collection":[{"href":"https:\/\/mammamucarnes.com\/index.php?rest_route=\/wp\/v2\/product"}],"about":[{"href":"https:\/\/mammamucarnes.com\/index.php?rest_route=\/wp\/v2\/types\/product"}],"wp:featuredmedia":[{"embeddable":true,"href":"https:\/\/mammamucarnes.com\/index.php?rest_route=\/wp\/v2\/media\/1695"}],"wp:attachment":[{"href":"https:\/\/mammamucarnes.com\/index.php?rest_route=%2Fwp%2Fv2%2Fmedia&parent=1686"}],"wp:term":[{"taxonomy":"product_brand","embeddable":true,"href":"https:\/\/mammamucarnes.com\/index.php?rest_route=%2Fwp%2Fv2%2Fproduct_brand&post=1686"},{"taxonomy":"product_cat","embeddable":true,"href":"https:\/\/mammamucarnes.com\/index.php?rest_route=%2Fwp%2Fv2%2Fproduct_cat&post=1686"},{"taxonomy":"product_tag","embeddable":true,"href":"https:\/\/mammamucarnes.com\/index.php?rest_route=%2Fwp%2Fv2%2Fproduct_tag&post=1686"}],"curies":[{"name":"wp","href":"https:\/\/api.w.org\/{rel}","templated":true}]}}