{"id":1688,"date":"2025-09-28T17:41:26","date_gmt":"2025-09-28T20:41:26","guid":{"rendered":"https:\/\/mammamucarnes.com\/?post_type=product&#038;p=1688"},"modified":"2026-04-22T09:54:07","modified_gmt":"2026-04-22T12:54:07","slug":"lomosincordon","status":"publish","type":"product","link":"https:\/\/mammamucarnes.com\/?product=lomosincordon","title":{"rendered":"LOMO SIN CORDON  x KG"},"content":{"rendered":"<pre>Imagen ilustrativa - Producto vendido al Vacio<\/pre>\n<p data-start=\"157\" data-end=\"485\">\ud83e\udd69 <strong data-start=\"160\" data-end=\"187\">Lomo Sin Cord\u00f3n MammaMu<\/strong><br data-start=\"187\" data-end=\"190\" \/>El <strong data-start=\"193\" data-end=\"212\">Lomo Sin Cord\u00f3n<\/strong> es la m\u00e1xima expresi\u00f3n de ternura y suavidad de la carne vacuna, libre de la capa de grasa que caracteriza al lomo con cord\u00f3n, ofreciendo un corte <strong data-start=\"360\" data-end=\"399\">magro, jugoso y de textura delicada<\/strong>. Perfecto para quienes buscan la excelencia de un lomo premium sin grasa adicional.<\/p>\n<p data-start=\"487\" data-end=\"813\">\ud83d\udd25 Envasado al vac\u00edo para preservar su <strong data-start=\"526\" data-end=\"565\">frescura, sabor natural y jugosidad<\/strong>, este corte es ideal para una gran variedad de preparaciones: <strong data-start=\"628\" data-end=\"716\">bifes a la plancha, al horno, grill, salteados, medallones, tartares o rolls gourmet<\/strong>. Su textura pareja y sabor intenso lo hacen vers\u00e1til y f\u00e1cil de incorporar a cualquier receta.<\/p>\n","protected":false},"excerpt":{"rendered":"<pre>Imagen ilustrativa - Producto vendido al Vacio<\/pre>\n<p data-start=\"157\" data-end=\"485\">\ud83e\udd69 <strong data-start=\"160\" data-end=\"187\">Lomo Sin Cord\u00f3n MammaMu<\/strong><br data-start=\"187\" data-end=\"190\" \/>El <strong data-start=\"193\" data-end=\"212\">Lomo Sin Cord\u00f3n<\/strong> es la m\u00e1xima expresi\u00f3n de ternura y suavidad de la carne vacuna, libre de la capa de grasa que caracteriza al lomo con cord\u00f3n, ofreciendo un corte <strong data-start=\"360\" data-end=\"399\">magro, jugoso y de textura delicada<\/strong>. Perfecto para quienes buscan la excelencia de un lomo premium sin grasa adicional.<\/p>\n<p data-start=\"487\" data-end=\"813\">\ud83d\udd25 Envasado al vac\u00edo para preservar su <strong data-start=\"526\" data-end=\"565\">frescura, sabor natural y jugosidad<\/strong>, este corte es ideal para una gran variedad de preparaciones: <strong data-start=\"628\" data-end=\"716\">bifes a la plancha, al horno, grill, salteados, medallones, tartares o rolls gourmet<\/strong>. Su textura pareja y sabor intenso lo hacen vers\u00e1til y f\u00e1cil de incorporar a cualquier receta.<\/p>\n","protected":false},"featured_media":1700,"template":"","meta":[],"product_brand":[],"product_cat":[48],"product_tag":[],"class_list":{"0":"post-1688","1":"product","2":"type-product","3":"status-publish","4":"has-post-thumbnail","6":"product_cat-bovino","8":"first","9":"instock","10":"shipping-taxable","11":"purchasable","12":"product-type-simple"},"jetpack_sharing_enabled":true,"_links":{"self":[{"href":"https:\/\/mammamucarnes.com\/index.php?rest_route=\/wp\/v2\/product\/1688","targetHints":{"allow":["GET"]}}],"collection":[{"href":"https:\/\/mammamucarnes.com\/index.php?rest_route=\/wp\/v2\/product"}],"about":[{"href":"https:\/\/mammamucarnes.com\/index.php?rest_route=\/wp\/v2\/types\/product"}],"wp:featuredmedia":[{"embeddable":true,"href":"https:\/\/mammamucarnes.com\/index.php?rest_route=\/wp\/v2\/media\/1700"}],"wp:attachment":[{"href":"https:\/\/mammamucarnes.com\/index.php?rest_route=%2Fwp%2Fv2%2Fmedia&parent=1688"}],"wp:term":[{"taxonomy":"product_brand","embeddable":true,"href":"https:\/\/mammamucarnes.com\/index.php?rest_route=%2Fwp%2Fv2%2Fproduct_brand&post=1688"},{"taxonomy":"product_cat","embeddable":true,"href":"https:\/\/mammamucarnes.com\/index.php?rest_route=%2Fwp%2Fv2%2Fproduct_cat&post=1688"},{"taxonomy":"product_tag","embeddable":true,"href":"https:\/\/mammamucarnes.com\/index.php?rest_route=%2Fwp%2Fv2%2Fproduct_tag&post=1688"}],"curies":[{"name":"wp","href":"https:\/\/api.w.org\/{rel}","templated":true}]}}