{"id":1773,"date":"2025-10-01T20:29:53","date_gmt":"2025-10-01T23:29:53","guid":{"rendered":"https:\/\/mammamucarnes.com\/?post_type=product&#038;p=1773"},"modified":"2026-04-23T11:12:18","modified_gmt":"2026-04-23T14:12:18","slug":"mollejas","status":"publish","type":"product","link":"https:\/\/mammamucarnes.com\/?product=mollejas","title":{"rendered":"MOLLEJAS x KG"},"content":{"rendered":"<pre>Imagen ilustrativa - Producto congelado<\/pre>\n<p>En <strong>MammaMu<\/strong> te ofrecemos <strong>mollejas \ud83e\udd69\u2744\ufe0f<\/strong> de primera calidad, listas para disfrutar en cualquier ocasi\u00f3n. Este corte tan especial, apreciado por su <strong>sabor suave \ud83d\ude0b<\/strong> y textura \u00fanica, es uno de los grandes cl\u00e1sicos de la parrilla argentina \ud83d\udd25.<\/p>\n<p>Nuestras mollejas se presentan <strong>congeladas \u2744\ufe0f<\/strong> para mantener intacta su frescura y garantizarte siempre la mejor experiencia en tu mesa \ud83c\udf7d\ufe0f.<\/p>\n<p><strong>Ideas para prepararlas:<\/strong><\/p>\n<ul>\n<li><strong>A la parrilla \ud83d\udd25:<\/strong> doradas y crocantes, apenas con sal gruesa y un toque de lim\u00f3n \ud83c\udf4b.<\/li>\n<li><strong>Al ajillo \ud83e\uddc4\ud83c\udf3f:<\/strong> salteadas en sart\u00e9n con manteca, ajo y perejil, ideales como entrada.<\/li>\n<li><strong>Con crema o vino blanco \ud83c\udf77\ud83e\udd5b:<\/strong> una opci\u00f3n gourmet, perfecta para acompa\u00f1ar con papas \ud83e\udd54 o vegetales.<\/li>\n<li><strong>En brochetas \ud83c\udf62:<\/strong> combinadas con verduras frescas para una presentaci\u00f3n distinta y sabrosa.<\/li>\n<\/ul>\n<p>Con las <strong>mollejas de MammaMu \ud83d\udc04<\/strong> llev\u00e1s a tu mesa un producto congelado, vers\u00e1til y delicioso, que convierte cada comida en un verdadero fest\u00edn \ud83c\udf89.<\/p>\n","protected":false},"excerpt":{"rendered":"<pre>Imagen ilustrativa - Producto congelado<\/pre>\n<p>En <strong>MammaMu<\/strong> te ofrecemos <strong>mollejas \ud83e\udd69\u2744\ufe0f<\/strong> de primera calidad, listas para disfrutar en cualquier ocasi\u00f3n. Este corte tan especial, apreciado por su <strong>sabor suave \ud83d\ude0b<\/strong> y textura \u00fanica, es uno de los grandes cl\u00e1sicos de la parrilla argentina \ud83d\udd25.<\/p>\n<p>Nuestras mollejas se presentan <strong>congeladas \u2744\ufe0f<\/strong> para mantener intacta su frescura y garantizarte siempre la mejor experiencia en tu mesa \ud83c\udf7d\ufe0f.<\/p>\n<p><strong>Ideas para prepararlas:<\/strong><\/p>\n<ul>\n<li><strong>A la parrilla \ud83d\udd25:<\/strong> doradas y crocantes, apenas con sal gruesa y un toque de lim\u00f3n \ud83c\udf4b.<\/li>\n<li><strong>Al ajillo \ud83e\uddc4\ud83c\udf3f:<\/strong> salteadas en sart\u00e9n con manteca, ajo y perejil, ideales como entrada.<\/li>\n<li><strong>Con crema o vino blanco \ud83c\udf77\ud83e\udd5b:<\/strong> una opci\u00f3n gourmet, perfecta para acompa\u00f1ar con papas \ud83e\udd54 o vegetales.<\/li>\n<li><strong>En brochetas \ud83c\udf62:<\/strong> combinadas con verduras frescas para una presentaci\u00f3n distinta y sabrosa.<\/li>\n<\/ul>\n<p>Con las <strong>mollejas de MammaMu \ud83d\udc04<\/strong> llev\u00e1s a tu mesa un producto congelado, vers\u00e1til y delicioso, que convierte cada comida en un verdadero fest\u00edn \ud83c\udf89.<\/p>\n","protected":false},"featured_media":1774,"template":"","meta":[],"product_brand":[],"product_cat":[48],"product_tag":[],"class_list":{"0":"post-1773","1":"product","2":"type-product","3":"status-publish","4":"has-post-thumbnail","6":"product_cat-bovino","8":"first","9":"instock","10":"shipping-taxable","11":"purchasable","12":"product-type-simple"},"jetpack_sharing_enabled":true,"_links":{"self":[{"href":"https:\/\/mammamucarnes.com\/index.php?rest_route=\/wp\/v2\/product\/1773","targetHints":{"allow":["GET"]}}],"collection":[{"href":"https:\/\/mammamucarnes.com\/index.php?rest_route=\/wp\/v2\/product"}],"about":[{"href":"https:\/\/mammamucarnes.com\/index.php?rest_route=\/wp\/v2\/types\/product"}],"wp:featuredmedia":[{"embeddable":true,"href":"https:\/\/mammamucarnes.com\/index.php?rest_route=\/wp\/v2\/media\/1774"}],"wp:attachment":[{"href":"https:\/\/mammamucarnes.com\/index.php?rest_route=%2Fwp%2Fv2%2Fmedia&parent=1773"}],"wp:term":[{"taxonomy":"product_brand","embeddable":true,"href":"https:\/\/mammamucarnes.com\/index.php?rest_route=%2Fwp%2Fv2%2Fproduct_brand&post=1773"},{"taxonomy":"product_cat","embeddable":true,"href":"https:\/\/mammamucarnes.com\/index.php?rest_route=%2Fwp%2Fv2%2Fproduct_cat&post=1773"},{"taxonomy":"product_tag","embeddable":true,"href":"https:\/\/mammamucarnes.com\/index.php?rest_route=%2Fwp%2Fv2%2Fproduct_tag&post=1773"}],"curies":[{"name":"wp","href":"https:\/\/api.w.org\/{rel}","templated":true}]}}